{"id":308,"date":"2020-01-13T11:17:52","date_gmt":"2020-01-13T11:17:52","guid":{"rendered":"https:\/\/demosites.io\/web-agency-gb\/?page_id=5"},"modified":"2023-09-14T11:26:46","modified_gmt":"2023-09-14T09:26:46","slug":"15c42-web-agency-gb-home","status":"publish","type":"page","link":"https:\/\/furimex.pl\/","title":{"rendered":"Home"},"content":{"rendered":"\n<div class=\"wp-block-cover alignfull\" style=\"min-height:700px;aspect-ratio:unset;\"><span aria-hidden=\"true\" class=\"wp-block-cover__background has-background-dim-0 has-background-dim\"><\/span><img decoding=\"async\" class=\"wp-block-cover__image-background wp-image-358\" alt=\"\" src=\"http:\/\/furimex.pl\/wp-content\/uploads\/2023\/02\/furimex1.svg\" data-object-fit=\"cover\"\/><div class=\"wp-block-cover__inner-container is-layout-flow wp-block-cover-is-layout-flow\">\n<div style=\"height:80px\" aria-hidden=\"true\" class=\"wp-block-spacer\"><\/div>\n\n\n\n<h1 class=\"wp-block-heading has-text-align-center has-nv-site-bg-color has-text-color\">Maszyny i urz\u0105dzenia dla przemys\u0142u mi\u0119snego,<br>rybnego i spo\u017cywczego<\/h1>\n\n\n\n<p class=\"has-text-align-center has-nv-site-bg-color has-text-color\" style=\"font-size:17px\">Sprz\u0119t dla profesjonalist\u00f3w<\/p>\n\n\n\n<div class=\"wp-block-buttons is-horizontal is-content-justification-center is-layout-flex wp-container-core-buttons-is-layout-499968f5 wp-block-buttons-is-layout-flex\">\n<div class=\"wp-block-button is-style-primary\"><a class=\"wp-block-button__link has-neve-link-hover-color-color has-nv-site-bg-background-color has-text-color has-background wp-element-button\" href=\"http:\/\/furimex.pl\/?page_id=61\">O NAS<\/a><\/div>\n<\/div>\n<\/div><\/div>\n\n\n\n<div style=\"height:80px\" aria-hidden=\"true\" class=\"wp-block-spacer\"><\/div>\n\n\n\n<div class=\"wp-block-columns is-layout-flex wp-container-core-columns-is-layout-9d6595d7 wp-block-columns-is-layout-flex\">\n<div class=\"wp-block-column is-layout-flow wp-block-column-is-layout-flow\"><div class=\"wp-block-image icon-style is-style-rounded\">\n<figure class=\"aligncenter size-large is-resized\"><img loading=\"lazy\" decoding=\"async\" src=\"http:\/\/furimex.pl\/wp-content\/uploads\/2020\/01\/neve-webdesign-GB-03.png\" alt=\"\" class=\"wp-image-20\" style=\"width:72px;height:72px\" width=\"72\" height=\"72\" title=\"\"\/><\/figure>\n<\/div>\n\n\n<div style=\"height:15px\" aria-hidden=\"true\" class=\"wp-block-spacer\"><\/div>\n\n\n\n<h3 class=\"wp-block-heading has-text-align-center has-neve-text-color-color has-text-color\">Konkurencyjna cena<\/h3>\n\n\n\n<p class=\"has-text-align-center\">Konkurencyjna cena nie oznacza kompromisu w zakresie jako\u015bci, poniewa\u017c skupiamy si\u0119 na oferowaniu najlepszych rozwi\u0105za\u0144, kt\u00f3re jednocze\u015bnie s\u0105 dost\u0119pne dla ka\u017cdego.<\/p>\n\n\n\n<div style=\"height:20px\" aria-hidden=\"true\" class=\"wp-block-spacer\"><\/div>\n<\/div>\n\n\n\n<div class=\"wp-block-column is-layout-flow wp-block-column-is-layout-flow\"><div class=\"wp-block-image icon-style is-style-rounded\">\n<figure class=\"aligncenter size-large is-resized\"><img decoding=\"async\" src=\"http:\/\/furimex.pl\/wp-content\/uploads\/2020\/01\/neve-webdesign-GB-04.png\" alt=\"\" class=\"wp-image-21\" style=\"height:72px\" height=\"72\"\/><\/figure>\n<\/div>\n\n\n<div style=\"height:15px\" aria-hidden=\"true\" class=\"wp-block-spacer\"><\/div>\n\n\n\n<h3 class=\"wp-block-heading has-text-align-center has-neve-text-color-color has-text-color\"><strong>Wysoka jako\u015b\u0107<\/strong><\/h3>\n\n\n\n<p class=\"has-text-align-center\">Tworzymy maszyny charakteryzuj\u0105ce si\u0119 solidn\u0105 i wytrzyma\u0142\u0105 konstrukcj\u0105 oraz dok\u0142adno\u015bci\u0105 wykonania. Projektujemy z my\u015bl\u0105 o \u0142atwej obs\u0142udze i utrzymaniu.<\/p>\n\n\n\n<div style=\"height:20px\" aria-hidden=\"true\" class=\"wp-block-spacer\"><\/div>\n<\/div>\n\n\n\n<div class=\"wp-block-column is-layout-flow wp-block-column-is-layout-flow\"><div class=\"wp-block-image icon-style is-style-rounded\">\n<figure class=\"aligncenter size-large\"><img loading=\"lazy\" decoding=\"async\" width=\"72\" height=\"72\" src=\"http:\/\/furimex.pl\/wp-content\/uploads\/2020\/01\/neve-webdesign-GB-01.png\" alt=\"\" class=\"wp-image-18\"\/><\/figure>\n<\/div>\n\n\n<div style=\"height:15px\" aria-hidden=\"true\" class=\"wp-block-spacer\"><\/div>\n\n\n\n<h3 class=\"wp-block-heading has-text-align-center has-neve-text-color-color has-text-color\">Zgodno\u015b\u0107 z normami UE<\/h3>\n\n\n\n<p class=\"has-text-align-center\">Firma, kt\u00f3ra jest zgodna z normami UE, gwarantuje klientom, \u017ce jej produkty s\u0105 bezpieczne i higieniczne, a co najwa\u017cniejsze, \u017ce spe\u0142niaj\u0105 wysokie standardy jako\u015bci.<\/p>\n\n\n\n<div style=\"height:20px\" aria-hidden=\"true\" class=\"wp-block-spacer\"><\/div>\n<\/div>\n<\/div>\n\n\n\n<div style=\"height:80px\" aria-hidden=\"true\" class=\"wp-block-spacer\"><\/div>\n\n\n\n<div class=\"wp-block-cover alignfull\" style=\"min-height:600px;aspect-ratio:unset;\"><span aria-hidden=\"true\" class=\"wp-block-cover__background has-nv-light-bg-background-color has-background-dim-100 has-background-dim\"><\/span><div class=\"wp-block-cover__inner-container is-layout-flow wp-block-cover-is-layout-flow\">\n<div class=\"wp-block-group\"><div class=\"wp-block-group__inner-container is-layout-flow wp-block-group-is-layout-flow\">\n<div style=\"height:80px\" aria-hidden=\"true\" class=\"wp-block-spacer\"><\/div>\n\n\n\n<div class=\"wp-block-columns are-vertically-aligned-center is-layout-flex wp-container-core-columns-is-layout-9d6595d7 wp-block-columns-is-layout-flex\">\n<div class=\"wp-block-column is-vertically-aligned-center is-layout-flow wp-block-column-is-layout-flow\" style=\"flex-basis:50%\">\n<figure class=\"wp-block-image size-full\"><img decoding=\"async\" src=\"http:\/\/furimex.pl\/wp-content\/uploads\/2023\/02\/1.svg\" alt=\"\" class=\"wp-image-379\"\/><\/figure>\n<\/div>\n\n\n\n<div class=\"wp-block-column is-vertically-aligned-center is-layout-flow wp-block-column-is-layout-flow\" style=\"flex-basis:50%\">\n<div style=\"height:20px\" aria-hidden=\"true\" class=\"wp-block-spacer\"><\/div>\n\n\n\n<h2 class=\"wp-block-heading has-text-align-left has-neve-text-color-color has-text-color\">Maszyny<\/h2>\n\n\n\n<p class=\"has-text-align-left has-neve-text-color-color has-text-color\" style=\"font-size:17px\">Prezentowane w tym dziale Maszyny, wyprodukowane zosta\u0142y na podstawie w\u0142asnej z dokumentacji, stworzonej przez biuro projektowe przy u\u017cyciu najnowszych animacji komputerowych.<\/p>\n\n\n\n<div class=\"wp-block-buttons is-horizontal is-content-justification-left is-layout-flex wp-container-core-buttons-is-layout-7e5fce0a wp-block-buttons-is-layout-flex\">\n<div class=\"wp-block-button is-style-primary\"><a class=\"wp-block-button__link wp-element-button\" href=\"http:\/\/furimex.pl\/?al_product-cat=maszyny\">Dowiedz si\u0119 wi\u0119cej<\/a><\/div>\n<\/div>\n<\/div>\n<\/div>\n\n\n\n<div style=\"height:40px\" aria-hidden=\"true\" class=\"wp-block-spacer\"><\/div>\n<\/div><\/div>\n<\/div><\/div>\n\n\n\n<div class=\"wp-block-cover alignfull\" style=\"min-height:600px;aspect-ratio:unset;\"><span aria-hidden=\"true\" class=\"wp-block-cover__background has-nv-light-bg-background-color has-background-dim-100 has-background-dim\"><\/span><div class=\"wp-block-cover__inner-container is-layout-flow wp-block-cover-is-layout-flow\">\n<div class=\"wp-block-group\"><div class=\"wp-block-group__inner-container is-layout-flow wp-block-group-is-layout-flow\">\n<div style=\"height:80px\" aria-hidden=\"true\" class=\"wp-block-spacer\"><\/div>\n\n\n\n<div class=\"wp-block-columns are-vertically-aligned-center is-layout-flex wp-container-core-columns-is-layout-9d6595d7 wp-block-columns-is-layout-flex\">\n<div class=\"wp-block-column is-vertically-aligned-center is-layout-flow wp-block-column-is-layout-flow\" style=\"flex-basis:50%\">\n<div style=\"height:20px\" aria-hidden=\"true\" class=\"wp-block-spacer\"><\/div>\n\n\n\n<h2 class=\"wp-block-heading has-text-align-right has-neve-text-color-color has-text-color\">Wyposa\u017cenie<\/h2>\n\n\n\n<p class=\"has-text-align-right has-neve-text-color-color has-text-color\" style=\"font-size:17px\">Wyposa\u017cenie, kt\u00f3re produkujemy dla Pa\u0144stwa wyprodukowane zosta\u0142y<br>w oparciu o najnowsze trendy produkcyjne, charakteryzuj\u0105 si\u0119 du\u017c\u0105 wytrzyma\u0142o\u015bci\u0105, zwart\u0105 budow\u0105, a przede wszystkim funkcjonalno\u015bci\u0105.<\/p>\n\n\n\n<div class=\"wp-block-buttons is-horizontal is-content-justification-right is-layout-flex wp-container-core-buttons-is-layout-ae2fe186 wp-block-buttons-is-layout-flex\">\n<div class=\"wp-block-button is-style-primary\"><a class=\"wp-block-button__link has-text-align-right wp-element-button\" href=\"http:\/\/furimex.pl\/?page_id=440http:\/\/furimex.pl\/?al_product-cat=wyposazenie\">Dowiedz si\u0119 wi\u0119cej<\/a><\/div>\n<\/div>\n<\/div>\n\n\n\n<div class=\"wp-block-column is-vertically-aligned-center is-layout-flow wp-block-column-is-layout-flow\" style=\"flex-basis:50%\">\n<figure class=\"wp-block-image size-full is-resized\"><img loading=\"lazy\" decoding=\"async\" src=\"http:\/\/furimex.pl\/wp-content\/uploads\/2023\/05\/2.png\" alt=\"\" class=\"wp-image-515\" style=\"width:566px;height:566px\" width=\"566\" height=\"566\" srcset=\"https:\/\/furimex.pl\/wp-content\/uploads\/2023\/05\/2.png 500w, https:\/\/furimex.pl\/wp-content\/uploads\/2023\/05\/2-300x300.png 300w, https:\/\/furimex.pl\/wp-content\/uploads\/2023\/05\/2-150x150.png 150w, https:\/\/furimex.pl\/wp-content\/uploads\/2023\/05\/2-160x160.png 160w\" sizes=\"auto, (max-width: 566px) 100vw, 566px\" \/><\/figure>\n<\/div>\n<\/div>\n\n\n\n<div style=\"height:40px\" aria-hidden=\"true\" class=\"wp-block-spacer\"><\/div>\n<\/div><\/div>\n<\/div><\/div>\n\n\n\n<div class=\"wp-block-cover alignfull\" style=\"min-height:600px;aspect-ratio:unset;\"><span aria-hidden=\"true\" class=\"wp-block-cover__background has-nv-light-bg-background-color has-background-dim-100 has-background-dim\"><\/span><div class=\"wp-block-cover__inner-container is-layout-flow wp-block-cover-is-layout-flow\">\n<div class=\"wp-block-group\"><div class=\"wp-block-group__inner-container is-layout-flow wp-block-group-is-layout-flow\">\n<div style=\"height:80px\" aria-hidden=\"true\" class=\"wp-block-spacer\"><\/div>\n\n\n\n<div class=\"wp-block-columns are-vertically-aligned-center is-layout-flex wp-container-core-columns-is-layout-9d6595d7 wp-block-columns-is-layout-flex\">\n<div class=\"wp-block-column is-vertically-aligned-center is-layout-flow wp-block-column-is-layout-flow\" style=\"flex-basis:50%\">\n<figure class=\"wp-block-image size-full is-resized\"><img loading=\"lazy\" decoding=\"async\" src=\"http:\/\/furimex.pl\/wp-content\/uploads\/2023\/05\/3-1.png\" alt=\"\" class=\"wp-image-519\" style=\"width:567px;height:567px\" width=\"567\" height=\"567\" srcset=\"https:\/\/furimex.pl\/wp-content\/uploads\/2023\/05\/3-1.png 500w, https:\/\/furimex.pl\/wp-content\/uploads\/2023\/05\/3-1-300x300.png 300w, https:\/\/furimex.pl\/wp-content\/uploads\/2023\/05\/3-1-150x150.png 150w, https:\/\/furimex.pl\/wp-content\/uploads\/2023\/05\/3-1-160x160.png 160w\" sizes=\"auto, (max-width: 567px) 100vw, 567px\" \/><\/figure>\n<\/div>\n\n\n\n<div class=\"wp-block-column is-vertically-aligned-center is-layout-flow wp-block-column-is-layout-flow\" style=\"flex-basis:50%\">\n<div style=\"height:20px\" aria-hidden=\"true\" class=\"wp-block-spacer\"><\/div>\n\n\n\n<h2 class=\"wp-block-heading has-text-align-left has-neve-text-color-color has-text-color\">Czysto\u015b\u0107 zak\u0142adu<\/h2>\n\n\n\n<p class=\"has-text-align-left has-neve-text-color-color has-text-color\" style=\"font-size:17px\">Wytworzone dobra, s\u0142u\u017c\u0105 do zachowania czysto\u015bci na zak\u0142adach przetw\u00f3rstwa spo\u017cywczego. W tym dziale przedstawiamy Pa\u0144stwu maszyny pozwalaj\u0105ce oddzieli\u0107 stref\u0119 brudn\u0105 od czystej.<\/p>\n\n\n\n<div class=\"wp-block-buttons is-horizontal is-content-justification-left is-layout-flex wp-container-core-buttons-is-layout-7e5fce0a wp-block-buttons-is-layout-flex\">\n<div class=\"wp-block-button is-style-primary\"><a class=\"wp-block-button__link wp-element-button\" href=\"http:\/\/furimex.pl\/?al_product-cat=czystosc-zakladu\">Dowiedz si\u0119 wi\u0119cej<\/a><\/div>\n<\/div>\n<\/div>\n<\/div>\n\n\n\n<div style=\"height:40px\" aria-hidden=\"true\" class=\"wp-block-spacer\"><\/div>\n<\/div><\/div>\n<\/div><\/div>\n\n\n\n<div class=\"wp-block-cover alignfull\" style=\"min-height:600px;aspect-ratio:unset;\"><span aria-hidden=\"true\" class=\"wp-block-cover__background has-nv-light-bg-background-color has-background-dim-100 has-background-dim\"><\/span><div class=\"wp-block-cover__inner-container is-layout-flow wp-block-cover-is-layout-flow\">\n<div class=\"wp-block-group\"><div class=\"wp-block-group__inner-container is-layout-flow wp-block-group-is-layout-flow\">\n<div style=\"height:80px\" aria-hidden=\"true\" class=\"wp-block-spacer\"><\/div>\n\n\n\n<div class=\"wp-block-columns are-vertically-aligned-center is-layout-flex wp-container-core-columns-is-layout-9d6595d7 wp-block-columns-is-layout-flex\">\n<div class=\"wp-block-column is-vertically-aligned-center is-layout-flow wp-block-column-is-layout-flow\" style=\"flex-basis:50%\">\n<div style=\"height:20px\" aria-hidden=\"true\" class=\"wp-block-spacer\"><\/div>\n\n\n\n<h2 class=\"wp-block-heading has-text-align-right has-neve-text-color-color has-text-color\">Kolejki i linie<\/h2>\n\n\n\n<p class=\"has-text-align-right has-neve-text-color-color has-text-color\" style=\"font-size:17px\">Zapraszamy do obejrzenia oferowanych przez Nas kolejki rurowej do transportu p\u00f3\u0142tusz oraz linii do transportu i pakowania ryb w puszki. <\/p>\n\n\n\n<div class=\"wp-block-buttons is-horizontal is-content-justification-right is-layout-flex wp-container-core-buttons-is-layout-ae2fe186 wp-block-buttons-is-layout-flex\">\n<div class=\"wp-block-button is-style-primary\"><a class=\"wp-block-button__link has-text-align-right wp-element-button\" href=\"http:\/\/furimex.pl\/?al_product-cat=kolejki-i-linie\">Dowiedz si\u0119 wi\u0119cej<\/a><\/div>\n<\/div>\n<\/div>\n\n\n\n<div class=\"wp-block-column is-vertically-aligned-center is-layout-flow wp-block-column-is-layout-flow\" style=\"flex-basis:50%\">\n<figure class=\"wp-block-image size-full is-resized\"><img loading=\"lazy\" decoding=\"async\" src=\"http:\/\/furimex.pl\/wp-content\/uploads\/2023\/05\/1-1.png\" alt=\"\" class=\"wp-image-521\" style=\"width:566px;height:566px\" width=\"566\" height=\"566\" srcset=\"https:\/\/furimex.pl\/wp-content\/uploads\/2023\/05\/1-1.png 500w, https:\/\/furimex.pl\/wp-content\/uploads\/2023\/05\/1-1-300x300.png 300w, https:\/\/furimex.pl\/wp-content\/uploads\/2023\/05\/1-1-150x150.png 150w, https:\/\/furimex.pl\/wp-content\/uploads\/2023\/05\/1-1-160x160.png 160w\" sizes=\"auto, (max-width: 566px) 100vw, 566px\" \/><\/figure>\n<\/div>\n<\/div>\n\n\n\n<div style=\"height:40px\" aria-hidden=\"true\" class=\"wp-block-spacer\"><\/div>\n<\/div><\/div>\n<\/div><\/div>\n","protected":false},"excerpt":{"rendered":"<p>Konkurencyjna cena Konkurencyjna cena nie oznacza kompromisu w zakresie jako\u015bci, poniewa\u017c skupiamy si\u0119 na oferowaniu najlepszych rozwi\u0105za\u0144, kt\u00f3re jednocze\u015bnie s\u0105 dost\u0119pne dla ka\u017cdego. Wysoka jako\u015b\u0107 Tworzymy maszyny charakteryzuj\u0105ce si\u0119 solidn\u0105 i wytrzyma\u0142\u0105 konstrukcj\u0105 oraz dok\u0142adno\u015bci\u0105 wykonania. Projektujemy z my\u015bl\u0105 o \u0142atwej obs\u0142udze i utrzymaniu. Zgodno\u015b\u0107 z normami UE Firma, kt\u00f3ra jest zgodna z normami UE,&hellip;&nbsp;<a href=\"https:\/\/furimex.pl\/\" class=\"\" rel=\"bookmark\">Read More &raquo;<span class=\"screen-reader-text\">Home<\/span><\/a><\/p>\n","protected":false},"author":1,"featured_media":0,"parent":0,"menu_order":0,"comment_status":"closed","ping_status":"closed","template":"","meta":{"om_disable_all_campaigns":false,"_monsterinsights_skip_tracking":false,"_monsterinsights_sitenote_active":false,"_monsterinsights_sitenote_note":"","_monsterinsights_sitenote_category":0,"neve_meta_sidebar":"default","neve_meta_container":"default","neve_meta_enable_content_width":"on","neve_meta_content_width":100,"neve_meta_title_alignment":"","neve_meta_author_avatar":"","neve_post_elements_order":"","neve_meta_disable_header":"","neve_meta_disable_footer":"","neve_meta_disable_title":"on","_themeisle_gutenberg_block_has_review":false,"_ti_tpc_template_sync":false,"_ti_tpc_template_id":"5udqur826ojgsxrmsxsc","footnotes":""},"class_list":["post-308","page","type-page","status-publish","hentry"],"aioseo_notices":[],"_links":{"self":[{"href":"https:\/\/furimex.pl\/index.php?rest_route=\/wp\/v2\/pages\/308","targetHints":{"allow":["GET"]}}],"collection":[{"href":"https:\/\/furimex.pl\/index.php?rest_route=\/wp\/v2\/pages"}],"about":[{"href":"https:\/\/furimex.pl\/index.php?rest_route=\/wp\/v2\/types\/page"}],"author":[{"embeddable":true,"href":"https:\/\/furimex.pl\/index.php?rest_route=\/wp\/v2\/users\/1"}],"replies":[{"embeddable":true,"href":"https:\/\/furimex.pl\/index.php?rest_route=%2Fwp%2Fv2%2Fcomments&post=308"}],"version-history":[{"count":28,"href":"https:\/\/furimex.pl\/index.php?rest_route=\/wp\/v2\/pages\/308\/revisions"}],"predecessor-version":[{"id":652,"href":"https:\/\/furimex.pl\/index.php?rest_route=\/wp\/v2\/pages\/308\/revisions\/652"}],"wp:attachment":[{"href":"https:\/\/furimex.pl\/index.php?rest_route=%2Fwp%2Fv2%2Fmedia&parent=308"}],"curies":[{"name":"wp","href":"https:\/\/api.w.org\/{rel}","templated":true}]}}