{"id":440,"date":"2023-05-11T14:22:33","date_gmt":"2023-05-11T12:22:33","guid":{"rendered":"http:\/\/furimex.pl\/?page_id=440"},"modified":"2023-05-26T14:25:26","modified_gmt":"2023-05-26T12:25:26","slug":"produkty","status":"publish","type":"page","link":"https:\/\/furimex.pl\/?page_id=440","title":{"rendered":"Katalog produkt\u00f3w"},"content":{"rendered":"            <div id=\"product_listing\" class=\"post-440 page type-page status-publish hentry al_product responsive\">\n\t\t\t<div class=\"ic-catalog-container\">    <div class=\"product-subcategories responsive default  per-row-4\">\n\t\t\n\n    <div class=\"al_archive category-10 modern-grid-element green-box ic-design \">\n        <a class=\"pseudo-a\" href=\"https:\/\/furimex.pl\/?al_product-cat=czystosc-zakladu\"><\/a>\n        <div class=\"pseudo\"><\/div>\n        <a href=\"https:\/\/furimex.pl\/?al_product-cat=czystosc-zakladu\"><img loading=\"lazy\" decoding=\"async\" width=\"420\" height=\"250\" src=\"https:\/\/furimex.pl\/wp-content\/uploads\/2023\/05\/8-5.jpg\" class=\"modern-grid-image\" alt=\"Czysto\u015b\u0107 zak\u0142adu\" srcset=\"https:\/\/furimex.pl\/wp-content\/uploads\/2023\/05\/8-5.jpg 420w, https:\/\/furimex.pl\/wp-content\/uploads\/2023\/05\/8-5-300x179.jpg 300w, https:\/\/furimex.pl\/wp-content\/uploads\/2023\/05\/8-5-269x160.jpg 269w\" sizes=\"auto, (max-width: 420px) 100vw, 420px\" \/>            <h3 class=\"product-name green-box ic-design\">Czysto\u015b\u0107 zak\u0142adu<\/h3>\n        <\/a>\n    <\/div>\n\n\n\n    <div class=\"al_archive category-11 modern-grid-element green-box ic-design \">\n        <a class=\"pseudo-a\" href=\"https:\/\/furimex.pl\/?al_product-cat=kolejki-i-linie\"><\/a>\n        <div class=\"pseudo\"><\/div>\n        <a href=\"https:\/\/furimex.pl\/?al_product-cat=kolejki-i-linie\"><img loading=\"lazy\" decoding=\"async\" width=\"420\" height=\"250\" src=\"https:\/\/furimex.pl\/wp-content\/uploads\/2023\/05\/1-6.jpg\" class=\"modern-grid-image\" alt=\"Kolejki i linie\" \/>            <h3 class=\"product-name green-box ic-design\">Kolejki i linie<\/h3>\n        <\/a>\n    <\/div>\n\n\n\n    <div class=\"al_archive category-8 modern-grid-element green-box ic-design \">\n        <a class=\"pseudo-a\" href=\"https:\/\/furimex.pl\/?al_product-cat=maszyny\"><\/a>\n        <div class=\"pseudo\"><\/div>\n        <a href=\"https:\/\/furimex.pl\/?al_product-cat=maszyny\"><img loading=\"lazy\" decoding=\"async\" width=\"420\" height=\"250\" src=\"https:\/\/furimex.pl\/wp-content\/uploads\/2023\/05\/9-6.jpg\" class=\"modern-grid-image\" alt=\"Maszyny\" srcset=\"https:\/\/furimex.pl\/wp-content\/uploads\/2023\/05\/9-6.jpg 420w, https:\/\/furimex.pl\/wp-content\/uploads\/2023\/05\/9-6-300x179.jpg 300w, https:\/\/furimex.pl\/wp-content\/uploads\/2023\/05\/9-6-269x160.jpg 269w\" sizes=\"auto, (max-width: 420px) 100vw, 420px\" \/>            <h3 class=\"product-name green-box ic-design\">Maszyny<\/h3>\n        <\/a>\n    <\/div>\n\n\n\n    <div class=\"al_archive category-9 modern-grid-element green-box ic-design \">\n        <a class=\"pseudo-a\" href=\"https:\/\/furimex.pl\/?al_product-cat=wyposazenie\"><\/a>\n        <div class=\"pseudo\"><\/div>\n        <a href=\"https:\/\/furimex.pl\/?al_product-cat=wyposazenie\"><img loading=\"lazy\" decoding=\"async\" width=\"420\" height=\"250\" src=\"https:\/\/furimex.pl\/wp-content\/uploads\/2023\/05\/10-4.jpg\" class=\"modern-grid-image\" alt=\"Wyposa\u017cenie\" \/>            <h3 class=\"product-name green-box ic-design\">Wyposa\u017cenie<\/h3>\n        <\/a>\n    <\/div>\n\n    <\/div>\n<div id=\"product_filters_bar\" class=\"product-sort-bar green-box ic-design \"><div id=\"block-99\" class=\"filter-widget widget_block product-search-widget\"><div class=\"widget product_search search widget_search\">    <form role=\"search\" class=\"green-box ic-design\" method=\"get\"\n          id=\"product_search_form\" action=\"https:\/\/furimex.pl\/\">\n\t\t<input type=\"hidden\" name=\"post_type\" value=\"al_product\" \/>        <div class=\"ic-search-container\">\n\t\t\t            <input class=\"product-search-box\" type=\"search\" value=\"\" name=\"s\"\n                   placeholder=\"Produkt Search\"\/>\n            <input class=\"product-search-submit\" type=\"submit\" id=\"searchsubmit\"\n                   value=\"\"\/>\n        <\/div>\n    <\/form>\n\t<\/div><\/div><div id=\"block-100\" class=\"filter-widget widget_block product-sort-filter\"><div class=\"widget product_sort_filter\"><form class=\"product_order ic_ajax \" data-ic_responsive_label=\"Sort by\" data-ic_ajax=\"product_order\" action=\"\"><select class=\"product_order_selector ic_self_submit\" name=\"product_order\"><option value=\"newest\"  selected='selected'>Sort by Newest<\/option><option value=\"product-name\" >Sort by Name<\/option><\/select><input type=\"hidden\" value=\"\/wp\/v2\/pages\/440\" name=\"rest_route\" \/><\/form><\/div><\/div><div id=\"block-101\" class=\"filter-widget widget_block product-price-filter\"><\/div><div id=\"block-102\" class=\"filter-widget widget_block product-category-filter\"><div class=\"widget product_category_filter\"><div class=\"product-category-filter-container ic_ajax\" data-ic_responsive_label=\"Category\" data-ic_ajax=\"product-category-filter-container\" data-ic_ajax_data=\"{&quot;instance&quot;:{&quot;title&quot;:&quot;&quot;,&quot;shortcode_support&quot;:false,&quot;ic_context_id&quot;:0,&quot;ic_context_post_type&quot;:&quot;&quot;,&quot;hasCustomCSS&quot;:false,&quot;customCSS&quot;:&quot;&quot;,&quot;otterConditions&quot;:[]},&quot;args&quot;:{&quot;before_widget&quot;:&quot;&lt;div class=\\&quot;widget product_category_filter\\&quot;&gt;&quot;,&quot;after_widget&quot;:&quot;&lt;\\\/div&gt;&quot;,&quot;before_title&quot;:&quot;&lt;h2 class=\\&quot;widgettitle\\&quot;&gt;&quot;,&quot;after_title&quot;:&quot;&lt;\\\/h2&gt;&quot;}}\"><a class=\"filter-url\" href=\"\/index.php?rest_route=%2Fwp%2Fv2%2Fpages%2F440&#038;product_category=10\" >Czysto\u015b\u0107 zak\u0142adu <span class=\"ic-catalog-category-count\">(8)<\/span><\/a><a class=\"filter-url\" href=\"\/index.php?rest_route=%2Fwp%2Fv2%2Fpages%2F440&#038;product_category=11\" >Kolejki i linie <span class=\"ic-catalog-category-count\">(2)<\/span><\/a><a class=\"filter-url\" href=\"\/index.php?rest_route=%2Fwp%2Fv2%2Fpages%2F440&#038;product_category=8\" >Maszyny <span class=\"ic-catalog-category-count\">(12)<\/span><\/a><a class=\"filter-url\" href=\"\/index.php?rest_route=%2Fwp%2Fv2%2Fpages%2F440&#038;product_category=9\" >Wyposa\u017cenie <span class=\"ic-catalog-category-count\">(12)<\/span><\/a><\/div><\/div><\/div><div class=\"clear-both\"><\/div><\/div><div class=\"product-list default  per-row-4\" >\n\n    <div class=\"al_archive product-609 modern-grid-element green-box ic-design publish no-price\">\n\t\t        <div class=\"pseudo\"><\/div>\n        <a href=\"https:\/\/furimex.pl\/?produkt=zastosowanie-na-zakladach-przetworstwa-spozywczego\"><img loading=\"lazy\" decoding=\"async\" width=\"420\" height=\"250\" src=\"https:\/\/furimex.pl\/wp-content\/uploads\/2023\/05\/8-4.jpg\" class=\"modern-grid-image\" alt=\"Sterylizatory\" \/>            <h3 class=\"product-name green-box ic-design\">Sterylizatory<\/h3>\n\t\t\t        <\/a>\n\t\t    <\/div>\n\n\n\n    <div class=\"al_archive product-607 modern-grid-element green-box ic-design publish no-price\">\n\t\t        <div class=\"pseudo\"><\/div>\n        <a href=\"https:\/\/furimex.pl\/?produkt=myjki-do-fartuchow\"><img loading=\"lazy\" decoding=\"async\" width=\"420\" height=\"250\" src=\"https:\/\/furimex.pl\/wp-content\/uploads\/2023\/05\/7-4.jpg\" class=\"modern-grid-image\" alt=\"Myjki do fartuch\u00f3w\" srcset=\"https:\/\/furimex.pl\/wp-content\/uploads\/2023\/05\/7-4.jpg 420w, https:\/\/furimex.pl\/wp-content\/uploads\/2023\/05\/7-4-300x179.jpg 300w, https:\/\/furimex.pl\/wp-content\/uploads\/2023\/05\/7-4-269x160.jpg 269w\" sizes=\"auto, (max-width: 420px) 100vw, 420px\" \/>            <h3 class=\"product-name green-box ic-design\">Myjki do fartuch\u00f3w<\/h3>\n\t\t\t        <\/a>\n\t\t    <\/div>\n\n\n\n    <div class=\"al_archive product-604 modern-grid-element green-box ic-design publish no-price\">\n\t\t        <div class=\"pseudo\"><\/div>\n        <a href=\"https:\/\/furimex.pl\/?produkt=suszarki-do-obuwia\"><img loading=\"lazy\" decoding=\"async\" width=\"420\" height=\"250\" src=\"https:\/\/furimex.pl\/wp-content\/uploads\/2023\/05\/6-6.jpg\" class=\"modern-grid-image\" alt=\"Suszarki do obuwia\" srcset=\"https:\/\/furimex.pl\/wp-content\/uploads\/2023\/05\/6-6.jpg 420w, https:\/\/furimex.pl\/wp-content\/uploads\/2023\/05\/6-6-300x179.jpg 300w, https:\/\/furimex.pl\/wp-content\/uploads\/2023\/05\/6-6-269x160.jpg 269w\" sizes=\"auto, (max-width: 420px) 100vw, 420px\" \/>            <h3 class=\"product-name green-box ic-design\">Suszarki do obuwia<\/h3>\n\t\t\t        <\/a>\n\t\t    <\/div>\n\n\n\n    <div class=\"al_archive product-602 modern-grid-element green-box ic-design publish no-price\">\n\t\t        <div class=\"pseudo\"><\/div>\n        <a href=\"https:\/\/furimex.pl\/?produkt=panele-higieniczne\"><img loading=\"lazy\" decoding=\"async\" width=\"420\" height=\"250\" src=\"https:\/\/furimex.pl\/wp-content\/uploads\/2023\/05\/5-4.jpg\" class=\"modern-grid-image\" alt=\"Panele higieniczne\" srcset=\"https:\/\/furimex.pl\/wp-content\/uploads\/2023\/05\/5-4.jpg 420w, https:\/\/furimex.pl\/wp-content\/uploads\/2023\/05\/5-4-300x179.jpg 300w, https:\/\/furimex.pl\/wp-content\/uploads\/2023\/05\/5-4-269x160.jpg 269w\" sizes=\"auto, (max-width: 420px) 100vw, 420px\" \/>            <h3 class=\"product-name green-box ic-design\">Panele higieniczne<\/h3>\n\t\t\t        <\/a>\n\t\t    <\/div>\n\n\n\n    <div class=\"al_archive product-598 modern-grid-element green-box ic-design publish no-price\">\n\t\t        <div class=\"pseudo\"><\/div>\n        <a href=\"https:\/\/furimex.pl\/?produkt=myjki-do-obuwia\"><img loading=\"lazy\" decoding=\"async\" width=\"420\" height=\"250\" src=\"https:\/\/furimex.pl\/wp-content\/uploads\/2023\/05\/4-6.jpg\" class=\"modern-grid-image\" alt=\"Myjki do obuwia\" srcset=\"https:\/\/furimex.pl\/wp-content\/uploads\/2023\/05\/4-6.jpg 420w, https:\/\/furimex.pl\/wp-content\/uploads\/2023\/05\/4-6-300x179.jpg 300w, https:\/\/furimex.pl\/wp-content\/uploads\/2023\/05\/4-6-269x160.jpg 269w\" sizes=\"auto, (max-width: 420px) 100vw, 420px\" \/>            <h3 class=\"product-name green-box ic-design\">Myjki do obuwia<\/h3>\n\t\t\t        <\/a>\n\t\t    <\/div>\n\n\n\n    <div class=\"al_archive product-596 modern-grid-element green-box ic-design publish no-price\">\n\t\t        <div class=\"pseudo\"><\/div>\n        <a href=\"https:\/\/furimex.pl\/?produkt=umywalki\"><img loading=\"lazy\" decoding=\"async\" width=\"420\" height=\"250\" src=\"https:\/\/furimex.pl\/wp-content\/uploads\/2023\/05\/3-8.jpg\" class=\"modern-grid-image\" alt=\"Umywalki\" srcset=\"https:\/\/furimex.pl\/wp-content\/uploads\/2023\/05\/3-8.jpg 420w, https:\/\/furimex.pl\/wp-content\/uploads\/2023\/05\/3-8-300x179.jpg 300w, https:\/\/furimex.pl\/wp-content\/uploads\/2023\/05\/3-8-269x160.jpg 269w\" sizes=\"auto, (max-width: 420px) 100vw, 420px\" \/>            <h3 class=\"product-name green-box ic-design\">Umywalki<\/h3>\n\t\t\t        <\/a>\n\t\t    <\/div>\n\n\n\n    <div class=\"al_archive product-593 modern-grid-element green-box ic-design publish no-price\">\n\t\t        <div class=\"pseudo\"><\/div>\n        <a href=\"https:\/\/furimex.pl\/?produkt=sluzy-higieniczne\"><img loading=\"lazy\" decoding=\"async\" width=\"420\" height=\"250\" src=\"https:\/\/furimex.pl\/wp-content\/uploads\/2023\/05\/2-5.jpg\" class=\"modern-grid-image\" alt=\"\u015aluzy higieniczne\" srcset=\"https:\/\/furimex.pl\/wp-content\/uploads\/2023\/05\/2-5.jpg 420w, https:\/\/furimex.pl\/wp-content\/uploads\/2023\/05\/2-5-300x179.jpg 300w, https:\/\/furimex.pl\/wp-content\/uploads\/2023\/05\/2-5-269x160.jpg 269w\" sizes=\"auto, (max-width: 420px) 100vw, 420px\" \/>            <h3 class=\"product-name green-box ic-design\">\u015aluzy higieniczne<\/h3>\n\t\t\t        <\/a>\n\t\t    <\/div>\n\n\n\n    <div class=\"al_archive product-590 modern-grid-element green-box ic-design publish no-price\">\n\t\t        <div class=\"pseudo\"><\/div>\n        <a href=\"https:\/\/furimex.pl\/?produkt=zestaw-szatniowy-otwarty\"><img loading=\"lazy\" decoding=\"async\" width=\"420\" height=\"250\" src=\"https:\/\/furimex.pl\/wp-content\/uploads\/2023\/05\/1-8.jpg\" class=\"modern-grid-image\" alt=\"Zestaw szatniowy otwarty\" srcset=\"https:\/\/furimex.pl\/wp-content\/uploads\/2023\/05\/1-8.jpg 420w, https:\/\/furimex.pl\/wp-content\/uploads\/2023\/05\/1-8-300x179.jpg 300w, https:\/\/furimex.pl\/wp-content\/uploads\/2023\/05\/1-8-269x160.jpg 269w\" sizes=\"auto, (max-width: 420px) 100vw, 420px\" \/>            <h3 class=\"product-name green-box ic-design\">Zestaw szatniowy otwarty<\/h3>\n\t\t\t        <\/a>\n\t\t    <\/div>\n\n\n\n    <div class=\"al_archive product-579 modern-grid-element green-box ic-design publish no-price\">\n\t\t        <div class=\"pseudo\"><\/div>\n        <a href=\"https:\/\/furimex.pl\/?produkt=odwodnienia-linowe\"><img loading=\"lazy\" decoding=\"async\" width=\"420\" height=\"250\" src=\"https:\/\/furimex.pl\/wp-content\/uploads\/2023\/05\/14-2.jpg\" class=\"modern-grid-image\" alt=\"Odwodnienia linowe\" srcset=\"https:\/\/furimex.pl\/wp-content\/uploads\/2023\/05\/14-2.jpg 420w, https:\/\/furimex.pl\/wp-content\/uploads\/2023\/05\/14-2-300x179.jpg 300w, https:\/\/furimex.pl\/wp-content\/uploads\/2023\/05\/14-2-269x160.jpg 269w\" sizes=\"auto, (max-width: 420px) 100vw, 420px\" \/>            <h3 class=\"product-name green-box ic-design\">Odwodnienia linowe<\/h3>\n\t\t\t        <\/a>\n\t\t    <\/div>\n\n\n\n    <div class=\"al_archive product-576 modern-grid-element green-box ic-design publish no-price\">\n\t\t        <div class=\"pseudo\"><\/div>\n        <a href=\"https:\/\/furimex.pl\/?produkt=stoly-przemyslowe\"><img loading=\"lazy\" decoding=\"async\" width=\"420\" height=\"250\" src=\"https:\/\/furimex.pl\/wp-content\/uploads\/2023\/05\/13.jpg\" class=\"modern-grid-image\" alt=\"Sto\u0142y przemys\u0142owe\" srcset=\"https:\/\/furimex.pl\/wp-content\/uploads\/2023\/05\/13.jpg 420w, https:\/\/furimex.pl\/wp-content\/uploads\/2023\/05\/13-300x179.jpg 300w, https:\/\/furimex.pl\/wp-content\/uploads\/2023\/05\/13-269x160.jpg 269w\" sizes=\"auto, (max-width: 420px) 100vw, 420px\" \/>            <h3 class=\"product-name green-box ic-design\">Sto\u0142y przemys\u0142owe<\/h3>\n\t\t\t        <\/a>\n\t\t    <\/div>\n\n\n\n    <div class=\"al_archive product-571 modern-grid-element green-box ic-design publish no-price\">\n\t\t        <div class=\"pseudo\"><\/div>\n        <a href=\"https:\/\/furimex.pl\/?produkt=stoly-rozbiorowe\"><img loading=\"lazy\" decoding=\"async\" width=\"420\" height=\"250\" src=\"https:\/\/furimex.pl\/wp-content\/uploads\/2023\/05\/12-5.jpg\" class=\"modern-grid-image\" alt=\"Sto\u0142y rozbiorowe\" srcset=\"https:\/\/furimex.pl\/wp-content\/uploads\/2023\/05\/12-5.jpg 420w, https:\/\/furimex.pl\/wp-content\/uploads\/2023\/05\/12-5-300x179.jpg 300w, https:\/\/furimex.pl\/wp-content\/uploads\/2023\/05\/12-5-269x160.jpg 269w\" sizes=\"auto, (max-width: 420px) 100vw, 420px\" \/>            <h3 class=\"product-name green-box ic-design\">Sto\u0142y rozbiorowe<\/h3>\n\t\t\t        <\/a>\n\t\t    <\/div>\n\n\n\n    <div class=\"al_archive product-567 modern-grid-element green-box ic-design publish no-price\">\n\t\t        <div class=\"pseudo\"><\/div>\n        <a href=\"https:\/\/furimex.pl\/?produkt=narozniki\"><img loading=\"lazy\" decoding=\"async\" width=\"420\" height=\"250\" src=\"https:\/\/furimex.pl\/wp-content\/uploads\/2023\/05\/11-3.jpg\" class=\"modern-grid-image\" alt=\"Naro\u017cniki\" srcset=\"https:\/\/furimex.pl\/wp-content\/uploads\/2023\/05\/11-3.jpg 420w, https:\/\/furimex.pl\/wp-content\/uploads\/2023\/05\/11-3-300x179.jpg 300w, https:\/\/furimex.pl\/wp-content\/uploads\/2023\/05\/11-3-269x160.jpg 269w\" sizes=\"auto, (max-width: 420px) 100vw, 420px\" \/>            <h3 class=\"product-name green-box ic-design\">Naro\u017cniki<\/h3>\n\t\t\t        <\/a>\n\t\t    <\/div>\n\n<\/div><div id=\"product_archive_nav\" class=\"product-archive-nav green-box ic-design\"><ul>\n<li class=\"active\" data-page=\"1\"><a href=\"https:\/\/furimex.pl\/index.php?rest_route=%2Fwp%2Fv2%2Fpages%2F440\">1<\/a><\/li> \n<li data-page=\"2\"><a href=\"https:\/\/furimex.pl\/index.php?rest_route=%2Fwp%2Fv2%2Fpages%2F440&#038;paged=2\">2<\/a><\/li> \n<li data-page=\"3\"><a href=\"https:\/\/furimex.pl\/index.php?rest_route=%2Fwp%2Fv2%2Fpages%2F440&#038;paged=3\">3<\/a><\/li> \n<li class=\"next-page\" data-page=\"2\"><a href=\"https:\/\/furimex.pl\/index.php?rest_route=%2Fwp%2Fv2%2Fpages%2F440&#038;paged=2\" ><span>Kolejna Strona \u00bb<\/span><\/a><\/li> \n<\/ul><\/div>\n    <span class=\"clear\"><\/span>\n\t<\/div>            <\/div>\n\t\t\t\n","protected":false},"excerpt":{"rendered":"","protected":false},"author":1,"featured_media":0,"parent":0,"menu_order":0,"comment_status":"closed","ping_status":"closed","template":"","meta":{"om_disable_all_campaigns":false,"_monsterinsights_skip_tracking":false,"_monsterinsights_sitenote_active":false,"_monsterinsights_sitenote_note":"","_monsterinsights_sitenote_category":0,"neve_meta_sidebar":"","neve_meta_container":"","neve_meta_enable_content_width":"","neve_meta_content_width":0,"neve_meta_title_alignment":"","neve_meta_author_avatar":"","neve_post_elements_order":"","neve_meta_disable_header":"","neve_meta_disable_footer":"","neve_meta_disable_title":"","_themeisle_gutenberg_block_has_review":false,"_ti_tpc_template_sync":false,"_ti_tpc_template_id":"","footnotes":""},"class_list":["post-440","page","type-page","status-publish","hentry"],"aioseo_notices":[],"_links":{"self":[{"href":"https:\/\/furimex.pl\/index.php?rest_route=\/wp\/v2\/pages\/440","targetHints":{"allow":["GET"]}}],"collection":[{"href":"https:\/\/furimex.pl\/index.php?rest_route=\/wp\/v2\/pages"}],"about":[{"href":"https:\/\/furimex.pl\/index.php?rest_route=\/wp\/v2\/types\/page"}],"author":[{"embeddable":true,"href":"https:\/\/furimex.pl\/index.php?rest_route=\/wp\/v2\/users\/1"}],"replies":[{"embeddable":true,"href":"https:\/\/furimex.pl\/index.php?rest_route=%2Fwp%2Fv2%2Fcomments&post=440"}],"version-history":[{"count":2,"href":"https:\/\/furimex.pl\/index.php?rest_route=\/wp\/v2\/pages\/440\/revisions"}],"predecessor-version":[{"id":537,"href":"https:\/\/furimex.pl\/index.php?rest_route=\/wp\/v2\/pages\/440\/revisions\/537"}],"wp:attachment":[{"href":"https:\/\/furimex.pl\/index.php?rest_route=%2Fwp%2Fv2%2Fmedia&parent=440"}],"curies":[{"name":"wp","href":"https:\/\/api.w.org\/{rel}","templated":true}]}}