{"id":61,"date":"2020-01-23T18:21:52","date_gmt":"2020-01-23T18:21:52","guid":{"rendered":"https:\/\/demosites.io\/web-agency-gb\/?page_id=61"},"modified":"2023-05-26T13:41:51","modified_gmt":"2023-05-26T11:41:51","slug":"15c42-web-agency-gb-about-us","status":"publish","type":"page","link":"https:\/\/furimex.pl\/?page_id=61","title":{"rendered":"O nas"},"content":{"rendered":"\n<div class=\"wp-block-cover alignfull\" style=\"min-height:158px;aspect-ratio:unset;\"><span aria-hidden=\"true\" class=\"wp-block-cover__background has-nv-site-bg-background-color has-background-dim-100 has-background-dim\"><\/span><div class=\"wp-block-cover__inner-container is-layout-flow wp-block-cover-is-layout-flow\">\n<div class=\"wp-block-group\"><div class=\"wp-block-group__inner-container is-layout-flow wp-block-group-is-layout-flow\">\n<h1 class=\"wp-block-heading has-text-align-left has-neve-text-color-color has-text-color\">O nas<\/h1>\n<\/div><\/div>\n<\/div><\/div>\n\n\n\n<div class=\"wp-block-cover alignfull\" style=\"min-height:791px;aspect-ratio:unset;\"><span aria-hidden=\"true\" class=\"wp-block-cover__background has-nv-light-bg-background-color has-background-dim-100 has-background-dim\"><\/span><div class=\"wp-block-cover__inner-container is-layout-flow wp-block-cover-is-layout-flow\">\n<div class=\"wp-block-group\"><div class=\"wp-block-group__inner-container is-layout-flow wp-block-group-is-layout-flow\">\n<div class=\"wp-block-columns are-vertically-aligned-center has-neve-text-color-color has-text-color is-layout-flex wp-container-core-columns-is-layout-9d6595d7 wp-block-columns-is-layout-flex\">\n<div class=\"wp-block-column is-vertically-aligned-center is-layout-flow wp-block-column-is-layout-flow\" style=\"flex-basis:50%\">\n<figure class=\"wp-block-image size-full is-resized\"><img loading=\"lazy\" decoding=\"async\" src=\"http:\/\/furimex.pl\/wp-content\/uploads\/2023\/05\/4.png\" alt=\"\" class=\"wp-image-504\" width=\"565\" height=\"565\" srcset=\"https:\/\/furimex.pl\/wp-content\/uploads\/2023\/05\/4.png 500w, https:\/\/furimex.pl\/wp-content\/uploads\/2023\/05\/4-300x300.png 300w, https:\/\/furimex.pl\/wp-content\/uploads\/2023\/05\/4-150x150.png 150w, https:\/\/furimex.pl\/wp-content\/uploads\/2023\/05\/4-160x160.png 160w\" sizes=\"auto, (max-width: 565px) 100vw, 565px\" \/><\/figure>\n<\/div>\n\n\n\n<div class=\"wp-block-column is-vertically-aligned-center is-layout-flow wp-block-column-is-layout-flow\" style=\"flex-basis:50%\">\n<h2 class=\"wp-block-heading has-neve-text-color-color has-text-color\">O Firmie<\/h2>\n\n\n\n<p>Wymagania stawiane przez krajowych odbiorc\u00f3w, przyczyni\u0142y si\u0119 do podj\u0119cia dzia\u0142a\u0144 zapewniaj\u0105cych zgodno\u015b\u0107 wytwarzanych d\u00f3br z normami UE. Na podstawie nabytego do\u015bwiadczenia chcemy, aby nasze wyroby by\u0142y dla Pa\u0144stwa dost\u0119pne w wysokiej jako\u015bci wykonania przy konkurencyjnych cenach. Zdajemy sobie spraw\u0119, i\u017c cena jest wyznacznikiem jako\u015bci, lecz ka\u017cda osoba zainteresowana wsp\u00f3\u0142prac\u0105 z nami, mo\u017ce sama oceni\u0107 jako\u015b\u0107 wykonania maszyny i urz\u0105dzenia na podstawie obserwacji w realnym jej czasie pracy.<\/p>\n<\/div>\n<\/div>\n<\/div><\/div>\n<\/div><\/div>\n\n\n\n<div class=\"wp-block-cover alignfull\" style=\"min-height:792px;aspect-ratio:unset;\"><span aria-hidden=\"true\" class=\"wp-block-cover__background has-nv-dark-bg-background-color has-background-dim-100 has-background-dim\"><\/span><div class=\"wp-block-cover__inner-container is-layout-flow wp-block-cover-is-layout-flow\">\n<div class=\"wp-block-group\"><div class=\"wp-block-group__inner-container is-layout-flow wp-block-group-is-layout-flow\">\n<div class=\"wp-block-columns are-vertically-aligned-center is-layout-flex wp-container-core-columns-is-layout-9d6595d7 wp-block-columns-is-layout-flex\">\n<div class=\"wp-block-column is-vertically-aligned-center is-layout-flow wp-block-column-is-layout-flow\" style=\"flex-basis:50%\">\n<p><\/p>\n\n\n\n<h4 class=\"wp-block-heading has-nv-text-dark-bg-color has-text-color\"><strong>Jeste\u015bmy otwarci na ka\u017cde sugestie ze strony klienta.<\/strong><\/h4>\n\n\n\n<p>Wyspecjalizowali\u015bmy si\u0119 w produkcji maszyn i urz\u0105dze\u0144 dla ma\u0142ych i \u015brednich odbiorc\u00f3w. Od niedawna poszerzyli\u015bmy dzia\u0142 produkcyjny i sprzeda\u017cowy o maszyny dla uboju bia\u0142ego lub czerwonego mi\u0119sa.<\/p>\n\n\n\n<p><strong>PODSTAWOWY ZAKRES DZIA\u0141ALNO\u015aCI FIRMY W WYPOSA\u017bENIU:<\/strong><\/p>\n\n\n\n<ul class=\"wp-block-list\">\n<li>Masarni<\/li>\n\n\n\n<li>Ubojni<\/li>\n\n\n\n<li>Zak\u0142ad\u00f3w przetw\u00f3rstwa rybnego<\/li>\n<\/ul>\n\n\n\n<p>W zale\u017cno\u015bci od wymaga\u0144 klienta \u015bwiadczymy us\u0142ugi w zakresie prac serwisowych jak te\u017c monta\u017cowych maszyn produkcji obcej.<\/p>\n\n\n\n<p><strong>ZAPRASZAMY DO ZAPOZNANIA SI\u0118 Z NASZ\u0104 OFERT\u0104<\/strong><\/p>\n\n\n\n<div style=\"height:20px\" aria-hidden=\"true\" class=\"wp-block-spacer\"><\/div>\n<\/div>\n\n\n\n<div class=\"wp-block-column is-vertically-aligned-center is-layout-flow wp-block-column-is-layout-flow\" style=\"flex-basis:50%\">\n<figure class=\"wp-block-image size-full is-resized\"><img loading=\"lazy\" decoding=\"async\" src=\"http:\/\/furimex.pl\/wp-content\/uploads\/2023\/05\/5.png\" alt=\"\" class=\"wp-image-505\" width=\"567\" height=\"567\" srcset=\"https:\/\/furimex.pl\/wp-content\/uploads\/2023\/05\/5.png 500w, https:\/\/furimex.pl\/wp-content\/uploads\/2023\/05\/5-300x300.png 300w, https:\/\/furimex.pl\/wp-content\/uploads\/2023\/05\/5-150x150.png 150w, https:\/\/furimex.pl\/wp-content\/uploads\/2023\/05\/5-160x160.png 160w\" sizes=\"auto, (max-width: 567px) 100vw, 567px\" \/><\/figure>\n<\/div>\n<\/div>\n<\/div><\/div>\n<\/div><\/div>\n","protected":false},"excerpt":{"rendered":"","protected":false},"author":1,"featured_media":0,"parent":0,"menu_order":0,"comment_status":"closed","ping_status":"closed","template":"","meta":{"om_disable_all_campaigns":false,"_monsterinsights_skip_tracking":false,"_monsterinsights_sitenote_active":false,"_monsterinsights_sitenote_note":"","_monsterinsights_sitenote_category":0,"neve_meta_sidebar":"default","neve_meta_container":"default","neve_meta_enable_content_width":"on","neve_meta_content_width":100,"neve_meta_title_alignment":"","neve_meta_author_avatar":"","neve_post_elements_order":"","neve_meta_disable_header":"","neve_meta_disable_footer":"","neve_meta_disable_title":"on","_themeisle_gutenberg_block_has_review":false,"_ti_tpc_template_sync":false,"_ti_tpc_template_id":"0qhau2t6eoekosrgo1a2","footnotes":""},"class_list":["post-61","page","type-page","status-publish","hentry"],"aioseo_notices":[],"_links":{"self":[{"href":"https:\/\/furimex.pl\/index.php?rest_route=\/wp\/v2\/pages\/61","targetHints":{"allow":["GET"]}}],"collection":[{"href":"https:\/\/furimex.pl\/index.php?rest_route=\/wp\/v2\/pages"}],"about":[{"href":"https:\/\/furimex.pl\/index.php?rest_route=\/wp\/v2\/types\/page"}],"author":[{"embeddable":true,"href":"https:\/\/furimex.pl\/index.php?rest_route=\/wp\/v2\/users\/1"}],"replies":[{"embeddable":true,"href":"https:\/\/furimex.pl\/index.php?rest_route=%2Fwp%2Fv2%2Fcomments&post=61"}],"version-history":[{"count":5,"href":"https:\/\/furimex.pl\/index.php?rest_route=\/wp\/v2\/pages\/61\/revisions"}],"predecessor-version":[{"id":509,"href":"https:\/\/furimex.pl\/index.php?rest_route=\/wp\/v2\/pages\/61\/revisions\/509"}],"wp:attachment":[{"href":"https:\/\/furimex.pl\/index.php?rest_route=%2Fwp%2Fv2%2Fmedia&parent=61"}],"curies":[{"name":"wp","href":"https:\/\/api.w.org\/{rel}","templated":true}]}}